{"id":449,"date":"2020-12-01T11:27:39","date_gmt":"2020-12-01T14:27:39","guid":{"rendered":"https:\/\/paideiabrasil.com.br\/festival2025\/?page_id=449"},"modified":"2023-09-11T12:07:36","modified_gmt":"2023-09-11T15:07:36","slug":"doacoes","status":"publish","type":"page","link":"https:\/\/paideiabrasil.com.br\/festival2025\/doacoes\/","title":{"rendered":"Doa\u00e7\u00f5es"},"content":{"rendered":"\n<p><\/p>\n\n\n\n<p>Caso queira fazer alguma doa\u00e7\u00e3o, sinta-se \u00e0 vontade:<\/p>\n\n\n\n<p><strong>Para doa\u00e7\u00f5es por dep\u00f3sitos banc\u00e1rios:<\/strong><br>Banco do Brasil \u2013 001<br>Ag\u00eancia: 1506-7<br>C\/C: 22114-7<br>Paideia Associa\u00e7\u00e3o Cultural<br>CNPJ: 02.520.865\/0001-04<br><br><strong>PIX:<\/strong><br>CNPJ: 02.520.865\/0001-04<br>Banco do Brasil \u2013 001<br>Paideia Associa\u00e7\u00e3o Cultural<\/p>\n\n\n\n<p><strong>Pagseguro:<\/strong><\/p>\n\n\n<p><!-- INICIO FORMULARIO BOTAO PAGSEGURO --><\/p>\n<form action=\"https:\/\/pagseguro.uol.com.br\/checkout\/v2\/donation.html\" method=\"post\" target=\"_blank\">\n<p><!-- N\u00c3O EDITE OS COMANDOS DAS LINHAS ABAIXO --><\/p>\n<p><input type=\"hidden\" name=\"currency\" value=\"BRL\" \/><\/p>\n<p><input type=\"hidden\" name=\"receiverEmail\" value=\"paideiac@gmail.com\" \/><\/p>\n<p><input type=\"hidden\" name=\"iot\" value=\"button\" \/><\/p>\n<p><input type=\"image\" src=\"https:\/\/stc.pagseguro.uol.com.br\/public\/img\/botoes\/doacoes\/209x48-doar-laranja-assina.gif\" name=\"submit\" alt=\"Pague com PagSeguro - \u00e9 r\u00e1pido, gr\u00e1tis e seguro!\" \/><\/p>\n<\/form>\n<p><!-- FINAL FORMULARIO BOTAO PAGSEGURO --><\/p>\n\n\n\n<p><strong>Aplicativo PagBank:<\/strong><\/p>\n\n\n\n<figure class=\"wp-block-image size-large\"><img loading=\"lazy\" decoding=\"async\" width=\"618\" height=\"877\" src=\"https:\/\/paideiabrasil.com.br\/festival2025\/wp-content\/uploads\/2020\/12\/image.png\" alt=\"\" class=\"wp-image-473\" srcset=\"https:\/\/paideiabrasil.com.br\/festival2025\/wp-content\/uploads\/2020\/12\/image.png 618w, https:\/\/paideiabrasil.com.br\/festival2025\/wp-content\/uploads\/2020\/12\/image-211x300.png 211w\" sizes=\"auto, (max-width: 618px) 100vw, 618px\" \/><\/figure>\n","protected":false},"excerpt":{"rendered":"<p>Caso queira fazer alguma doa\u00e7\u00e3o, sinta-se \u00e0 vontade: Para doa\u00e7\u00f5es por dep\u00f3sitos banc\u00e1rios:Banco do Brasil \u2013 001Ag\u00eancia: 1506-7C\/C: 22114-7Paideia Associa\u00e7\u00e3o CulturalCNPJ: 02.520.865\/0001-04 PIX:CNPJ: 02.520.865\/0001-04Banco do Brasil \u2013 001Paideia Associa\u00e7\u00e3o Cultural Pagseguro: Aplicativo PagBank:<\/p>\n","protected":false},"author":1,"featured_media":0,"parent":0,"menu_order":0,"comment_status":"closed","ping_status":"closed","template":"","meta":{"footnotes":""},"class_list":["post-449","page","type-page","status-publish","hentry"],"_links":{"self":[{"href":"https:\/\/paideiabrasil.com.br\/festival2025\/wp-json\/wp\/v2\/pages\/449","targetHints":{"allow":["GET"]}}],"collection":[{"href":"https:\/\/paideiabrasil.com.br\/festival2025\/wp-json\/wp\/v2\/pages"}],"about":[{"href":"https:\/\/paideiabrasil.com.br\/festival2025\/wp-json\/wp\/v2\/types\/page"}],"author":[{"embeddable":true,"href":"https:\/\/paideiabrasil.com.br\/festival2025\/wp-json\/wp\/v2\/users\/1"}],"replies":[{"embeddable":true,"href":"https:\/\/paideiabrasil.com.br\/festival2025\/wp-json\/wp\/v2\/comments?post=449"}],"version-history":[{"count":11,"href":"https:\/\/paideiabrasil.com.br\/festival2025\/wp-json\/wp\/v2\/pages\/449\/revisions"}],"predecessor-version":[{"id":482,"href":"https:\/\/paideiabrasil.com.br\/festival2025\/wp-json\/wp\/v2\/pages\/449\/revisions\/482"}],"wp:attachment":[{"href":"https:\/\/paideiabrasil.com.br\/festival2025\/wp-json\/wp\/v2\/media?parent=449"}],"curies":[{"name":"wp","href":"https:\/\/api.w.org\/{rel}","templated":true}]}}